{"id":8673,"date":"2021-12-29T15:53:16","date_gmt":"2021-12-29T15:53:16","guid":{"rendered":"https:\/\/topspanishhunting.com\/politica-de-privacidad\/"},"modified":"2025-06-23T21:42:45","modified_gmt":"2025-06-23T21:42:45","slug":"politica-de-privacidad","status":"publish","type":"page","link":"https:\/\/topspanishhunting.com\/es\/politica-de-privacidad\/","title":{"rendered":"Pol\u00edtica de privacidad"},"content":{"rendered":"[vc_row type=\u00bbfull_width_background\u00bb full_screen_row_position=\u00bbmiddle\u00bb column_margin=\u00bbdefault\u00bb column_direction=\u00bbdefault\u00bb column_direction_tablet=\u00bbdefault\u00bb column_direction_phone=\u00bbdefault\u00bb scene_position=\u00bbcenter\u00bb top_padding=\u00bb60&#8243; bottom_padding=\u00bb60&#8243; text_color=\u00bbdark\u00bb text_align=\u00bbleft\u00bb row_border_radius=\u00bbnone\u00bb row_border_radius_applies=\u00bbbg\u00bb overlay_strength=\u00bb0.3&#8243; gradient_direction=\u00bbleft_to_right\u00bb shape_divider_position=\u00bbbottom\u00bb bg_image_animation=\u00bbnone\u00bb][vc_column column_padding=\u00bbno-extra-padding\u00bb column_padding_tablet=\u00bbinherit\u00bb column_padding_phone=\u00bbinherit\u00bb column_padding_position=\u00bball\u00bb column_element_spacing=\u00bbdefault\u00bb background_color_opacity=\u00bb1&#8243; background_hover_color_opacity=\u00bb1&#8243; column_shadow=\u00bbnone\u00bb column_border_radius=\u00bbnone\u00bb column_link_target=\u00bb_self\u00bb gradient_direction=\u00bbleft_to_right\u00bb overlay_strength=\u00bb0.3&#8243; width=\u00bb1\/1&#8243; tablet_width_inherit=\u00bbdefault\u00bb tablet_text_alignment=\u00bbdefault\u00bb phone_text_alignment=\u00bbdefault\u00bb bg_image_animation=\u00bbnone\u00bb border_type=\u00bbsimple\u00bb column_border_width=\u00bbnone\u00bb column_border_style=\u00bbsolid\u00bb][vc_column_text]\n<div class=\"vc_column-inner \">\n<div class=\"vc_column-inner \">\n<p><strong>1. INFORMACI\u00d3N PARA EL USUARIO<\/strong><\/p>\n<p>TOP SPANISH HUNTING, S.L. es Responsable del tratamiento de los datos personales del Usuario y le informa que estos datos ser\u00e1n tratados de acuerdo con lo establecido en el Reglamento (UE) 2016\/679 de 27 de abril de 2016 (GDPR) relativo a la protecci\u00f3n de las personas f\u00edsicas en lo que respecta al tratamiento de datos personales y a la libre circulaci\u00f3n de estos datos, para lo cual se facilita la siguiente informaci\u00f3n sobre el tratamiento:<br \/>\n<strong>Fin del tratamiento:<\/strong> mantener una relaci\u00f3n comercial con el usuario. Las operaciones previstas para llevar a cabo el tratamiento son:<\/p>\n<ul>\n<li>Realizar estudios estad\u00edsticos.<\/li>\n<li>Tramitar encargos, solicitudes o cualquier tipo de petici\u00f3n que sea realizada por el usuario a trav\u00e9s de cualquiera de los formularios de contacto que se ponen a su disposici\u00f3n.<\/li>\n<li>Reenv\u00eda el bolet\u00edn en el sitio web.<\/li>\n<\/ul>\n<p><strong>Criterios de conservaci\u00f3n de los datos:<\/strong> se conservar\u00e1n mientras exista un inter\u00e9s mutuo para mantener el fin del tratamiento y cuando ya no sea necesario para ello, se eliminar\u00e1n con las medidas de seguridad adecuadas para garantizar su total destrucci\u00f3n.<\/p>\n<p><strong>Comunicaci\u00f3n de los datos:<\/strong> Los datos no ser\u00e1n comunicados a terceros, salvo obligaci\u00f3n legal.<\/p>\n<p><strong>Derechos que asisten al Usuario:<\/strong><\/p>\n<ul>\n<li>Derecho a retirar el consentimiento en cualquier momento.<\/li>\n<li>Derecho de acceso, rectificaci\u00f3n, portabilidad y supresi\u00f3n de tus datos y la limitaci\u00f3n u oposici\u00f3n a su tratamiento.<\/li>\n<li>Derecho a presentar una reclamaci\u00f3n ante la autoridad de control (agpd.es) si consideras que el tratamiento no cumple la normativa vigente.<\/li>\n<\/ul>\n<p><strong>Informaci\u00f3n de contacto para ejercer tus derechos:<\/strong><\/p>\n<p><strong>Titular: <\/strong>TOP SPANISH HUNTING, S.L.<span class=\"textoazulsimple\"><br \/>\n<\/span><strong>Direcci\u00f3n: <\/strong>Jos\u00e9 B\u00e1rcena ,61 &#8211; 45660, Toledo<span class=\"textoazulsimple\"><br \/>\n<\/span><strong>Contacto:<\/strong> Telf: +34 690 773 600, Email: topspanishhunting@gmail.com<\/p>\n<p><strong>2. CAR\u00c1CTER OBLIGATORIO O FACULTATIVO DE LA INFORMACI\u00d3N FACILITADA POR EL USUARIO<\/strong><\/p>\n<p>Los Usuarios, mediante la marcaci\u00f3n de las casillas correspondientes y la introducci\u00f3n de datos en los campos, marcados con un asterisco (*) en el formulario de contacto o presentados en los formularios de descarga, aceptan expresamente y de forma libre e inequ\u00edvoca que sus datos son necesarios para atender su solicitud, por parte del prestador, siendo voluntaria la inclusi\u00f3n de datos en los campos restantes. El Usuario garantiza que los datos personales facilitados a TOP SPANISH HUNTING, S.L. son veraces y se hace responsable de comunicar cualquier modificaci\u00f3n de los mismos.<\/p>\n<p>TOP SPANISH HUNTING, S.L. informa y garantiza expresamente a los usuarios que sus datos personales no ser\u00e1n cedidos en ning\u00fan caso a terceros, y que siempre que fuera a realizarse alg\u00fan tipo de cesi\u00f3n de datos personales, se solicitar\u00eda previamente el consentimiento expreso, informado e inequ\u00edvoco por parte de los Usuarios. Todos los datos solicitados a trav\u00e9s del sitio web son obligatorios, ya que son necesarios para la prestaci\u00f3n de un servicio \u00f3ptimo al Usuario. En el caso de que no se faciliten todos los datos, no se garantiza que la informaci\u00f3n y los servicios prestados se ajusten completamente a sus necesidades.<\/p>\n<p><strong>3. MEDIDAS DE SEGURIDAD<\/strong><\/p>\n<p>Que de acuerdo con lo establecido en la normativa vigente en materia de protecci\u00f3n de datos personales, TOP SPANISH HUNTING, S.L. est\u00e1 cumpliendo con todo lo dispuesto en la normativa GDPR para el tratamiento de los datos personales de su responsabilidad, y manifiestamente con los principios descritos en el art\u00edculo 5 del GDPR, por los que son tratados de forma l\u00edcita, leal y transparente en relaci\u00f3n con el interesado y adecuada, pertinente y limitada a lo necesario en relaci\u00f3n con los fines para los que son tratados.<\/p>\n<p>TOP SPANISH HUNTING, S.L. garantiza que ha implementado pol\u00edticas t\u00e9cnicas y organizativas adecuadas para aplicar las medidas de seguridad establecidas por el GDPR con el fin de proteger los derechos y libertades de los Usuarios y les ha comunicado la informaci\u00f3n adecuada para que puedan ejercerlos.<\/p>\n<\/div>\n<\/div>\n[\/vc_column_text][\/vc_column][\/vc_row]\n","protected":false},"excerpt":{"rendered":"<p>[vc_row type=\u00bbfull_width_background\u00bb full_screen_row_position=\u00bbmiddle\u00bb column_margin=\u00bbdefault\u00bb column_direction=\u00bbdefault\u00bb column_direction_tablet=\u00bbdefault\u00bb column_direction_phone=\u00bbdefault\u00bb scene_position=\u00bbcenter\u00bb top_padding=\u00bb60&#8243; bottom_padding=\u00bb60&#8243; text_color=\u00bbdark\u00bb text_align=\u00bbleft\u00bb row_border_radius=\u00bbnone\u00bb row_border_radius_applies=\u00bbbg\u00bb overlay_strength=\u00bb0.3&#8243; gradient_direction=\u00bbleft_to_right\u00bb shape_divider_position=\u00bbbottom\u00bb bg_image_animation=\u00bbnone\u00bb][vc_column column_padding=\u00bbno-extra-padding\u00bb column_padding_tablet=\u00bbinherit\u00bb column_padding_phone=\u00bbinherit\u00bb column_padding_position=\u00bball\u00bb column_element_spacing=\u00bbdefault\u00bb background_color_opacity=\u00bb1&#8243; background_hover_color_opacity=\u00bb1&#8243;&#8230;<\/p>\n","protected":false},"author":1,"featured_media":0,"parent":0,"menu_order":0,"comment_status":"open","ping_status":"closed","template":"","meta":{"footnotes":""},"class_list":["post-8673","page","type-page","status-publish"],"yoast_head":"<!-- This site is optimized with the Yoast SEO plugin v27.4 - https:\/\/yoast.com\/product\/yoast-seo-wordpress\/ -->\n<title>Pol\u00edtica de privacidad - Hunting in Spain - Top Spanish Hunting<\/title>\n<meta name=\"description\" content=\"Informaci\u00f3n corporativa de Top Caza Espa\u00f1ola. politica de privacidad\" \/>\n<meta name=\"robots\" content=\"noindex, nofollow\" \/>\n<meta property=\"og:locale\" content=\"es_ES\" \/>\n<meta property=\"og:type\" content=\"article\" \/>\n<meta property=\"og:title\" content=\"Pol\u00edtica de privacidad - Hunting in Spain - Top Spanish Hunting\" \/>\n<meta property=\"og:description\" content=\"Informaci\u00f3n corporativa de Top Caza Espa\u00f1ola. politica de privacidad\" \/>\n<meta property=\"og:url\" content=\"https:\/\/topspanishhunting.com\/es\/politica-de-privacidad\/\" \/>\n<meta property=\"og:site_name\" content=\"Hunting in Spain - Top Spanish Hunting\" \/>\n<meta property=\"article:modified_time\" content=\"2025-06-23T21:42:45+00:00\" \/>\n<meta name=\"twitter:card\" content=\"summary_large_image\" \/>\n<meta name=\"twitter:label1\" content=\"Tiempo de lectura\" \/>\n\t<meta name=\"twitter:data1\" content=\"4 minutos\" \/>\n<script type=\"application\/ld+json\" class=\"yoast-schema-graph\">{\"@context\":\"https:\\\/\\\/schema.org\",\"@graph\":[{\"@type\":\"WebPage\",\"@id\":\"https:\\\/\\\/topspanishhunting.com\\\/es\\\/politica-de-privacidad\\\/\",\"url\":\"https:\\\/\\\/topspanishhunting.com\\\/es\\\/politica-de-privacidad\\\/\",\"name\":\"Pol\u00edtica de privacidad - Hunting in Spain - Top Spanish Hunting\",\"isPartOf\":{\"@id\":\"https:\\\/\\\/topspanishhunting.com\\\/es\\\/#website\"},\"datePublished\":\"2021-12-29T15:53:16+00:00\",\"dateModified\":\"2025-06-23T21:42:45+00:00\",\"description\":\"Informaci\u00f3n corporativa de Top Caza Espa\u00f1ola. politica de privacidad\",\"breadcrumb\":{\"@id\":\"https:\\\/\\\/topspanishhunting.com\\\/es\\\/politica-de-privacidad\\\/#breadcrumb\"},\"inLanguage\":\"es\",\"potentialAction\":[{\"@type\":\"ReadAction\",\"target\":[\"https:\\\/\\\/topspanishhunting.com\\\/es\\\/politica-de-privacidad\\\/\"]}]},{\"@type\":\"BreadcrumbList\",\"@id\":\"https:\\\/\\\/topspanishhunting.com\\\/es\\\/politica-de-privacidad\\\/#breadcrumb\",\"itemListElement\":[{\"@type\":\"ListItem\",\"position\":1,\"name\":\"Portada\",\"item\":\"https:\\\/\\\/topspanishhunting.com\\\/es\\\/\"},{\"@type\":\"ListItem\",\"position\":2,\"name\":\"Pol\u00edtica de privacidad\"}]},{\"@type\":\"WebSite\",\"@id\":\"https:\\\/\\\/topspanishhunting.com\\\/es\\\/#website\",\"url\":\"https:\\\/\\\/topspanishhunting.com\\\/es\\\/\",\"name\":\"Hunting in Spain - Top Spanish Hunting\",\"description\":\"Hunting in Spain - Stalking in Spain - Spanish Hunting\",\"potentialAction\":[{\"@type\":\"SearchAction\",\"target\":{\"@type\":\"EntryPoint\",\"urlTemplate\":\"https:\\\/\\\/topspanishhunting.com\\\/es\\\/?s={search_term_string}\"},\"query-input\":{\"@type\":\"PropertyValueSpecification\",\"valueRequired\":true,\"valueName\":\"search_term_string\"}}],\"inLanguage\":\"es\"}]}<\/script>\n<!-- \/ Yoast SEO plugin. -->","yoast_head_json":{"title":"Pol\u00edtica de privacidad - Hunting in Spain - Top Spanish Hunting","description":"Informaci\u00f3n corporativa de Top Caza Espa\u00f1ola. politica de privacidad","robots":{"index":"noindex","follow":"nofollow"},"og_locale":"es_ES","og_type":"article","og_title":"Pol\u00edtica de privacidad - Hunting in Spain - Top Spanish Hunting","og_description":"Informaci\u00f3n corporativa de Top Caza Espa\u00f1ola. politica de privacidad","og_url":"https:\/\/topspanishhunting.com\/es\/politica-de-privacidad\/","og_site_name":"Hunting in Spain - Top Spanish Hunting","article_modified_time":"2025-06-23T21:42:45+00:00","twitter_card":"summary_large_image","twitter_misc":{"Tiempo de lectura":"4 minutos"},"schema":{"@context":"https:\/\/schema.org","@graph":[{"@type":"WebPage","@id":"https:\/\/topspanishhunting.com\/es\/politica-de-privacidad\/","url":"https:\/\/topspanishhunting.com\/es\/politica-de-privacidad\/","name":"Pol\u00edtica de privacidad - Hunting in Spain - Top Spanish Hunting","isPartOf":{"@id":"https:\/\/topspanishhunting.com\/es\/#website"},"datePublished":"2021-12-29T15:53:16+00:00","dateModified":"2025-06-23T21:42:45+00:00","description":"Informaci\u00f3n corporativa de Top Caza Espa\u00f1ola. politica de privacidad","breadcrumb":{"@id":"https:\/\/topspanishhunting.com\/es\/politica-de-privacidad\/#breadcrumb"},"inLanguage":"es","potentialAction":[{"@type":"ReadAction","target":["https:\/\/topspanishhunting.com\/es\/politica-de-privacidad\/"]}]},{"@type":"BreadcrumbList","@id":"https:\/\/topspanishhunting.com\/es\/politica-de-privacidad\/#breadcrumb","itemListElement":[{"@type":"ListItem","position":1,"name":"Portada","item":"https:\/\/topspanishhunting.com\/es\/"},{"@type":"ListItem","position":2,"name":"Pol\u00edtica de privacidad"}]},{"@type":"WebSite","@id":"https:\/\/topspanishhunting.com\/es\/#website","url":"https:\/\/topspanishhunting.com\/es\/","name":"Hunting in Spain - Top Spanish Hunting","description":"Hunting in Spain - Stalking in Spain - Spanish Hunting","potentialAction":[{"@type":"SearchAction","target":{"@type":"EntryPoint","urlTemplate":"https:\/\/topspanishhunting.com\/es\/?s={search_term_string}"},"query-input":{"@type":"PropertyValueSpecification","valueRequired":true,"valueName":"search_term_string"}}],"inLanguage":"es"}]}},"_links":{"self":[{"href":"https:\/\/topspanishhunting.com\/es\/wp-json\/wp\/v2\/pages\/8673","targetHints":{"allow":["GET"]}}],"collection":[{"href":"https:\/\/topspanishhunting.com\/es\/wp-json\/wp\/v2\/pages"}],"about":[{"href":"https:\/\/topspanishhunting.com\/es\/wp-json\/wp\/v2\/types\/page"}],"author":[{"embeddable":true,"href":"https:\/\/topspanishhunting.com\/es\/wp-json\/wp\/v2\/users\/1"}],"replies":[{"embeddable":true,"href":"https:\/\/topspanishhunting.com\/es\/wp-json\/wp\/v2\/comments?post=8673"}],"version-history":[{"count":7,"href":"https:\/\/topspanishhunting.com\/es\/wp-json\/wp\/v2\/pages\/8673\/revisions"}],"predecessor-version":[{"id":18874,"href":"https:\/\/topspanishhunting.com\/es\/wp-json\/wp\/v2\/pages\/8673\/revisions\/18874"}],"wp:attachment":[{"href":"https:\/\/topspanishhunting.com\/es\/wp-json\/wp\/v2\/media?parent=8673"}],"curies":[{"name":"wp","href":"https:\/\/api.w.org\/{rel}","templated":true}]}}