{"id":8650,"date":"2021-12-29T15:49:00","date_gmt":"2021-12-29T15:49:00","guid":{"rendered":"https:\/\/topspanishhunting.com\/aviso-legal\/"},"modified":"2022-07-28T19:55:33","modified_gmt":"2022-07-28T19:55:33","slug":"aviso-legal","status":"publish","type":"page","link":"https:\/\/topspanishhunting.com\/es\/aviso-legal\/","title":{"rendered":"Aviso legal"},"content":{"rendered":"[vc_row type=\u00bbfull_width_background\u00bb full_screen_row_position=\u00bbmiddle\u00bb column_margin=\u00bbdefault\u00bb column_direction=\u00bbdefault\u00bb column_direction_tablet=\u00bbdefault\u00bb column_direction_phone=\u00bbdefault\u00bb scene_position=\u00bbcenter\u00bb top_padding=\u00bb60&#8243; bottom_padding=\u00bb60&#8243; text_color=\u00bbdark\u00bb text_align=\u00bbleft\u00bb row_border_radius=\u00bbnone\u00bb row_border_radius_applies=\u00bbbg\u00bb overlay_strength=\u00bb0.3&#8243; gradient_direction=\u00bbleft_to_right\u00bb shape_divider_position=\u00bbbottom\u00bb bg_image_animation=\u00bbnone\u00bb][vc_column column_padding=\u00bbno-extra-padding\u00bb column_padding_tablet=\u00bbinherit\u00bb column_padding_phone=\u00bbinherit\u00bb column_padding_position=\u00bball\u00bb column_element_spacing=\u00bbdefault\u00bb background_color_opacity=\u00bb1&#8243; background_hover_color_opacity=\u00bb1&#8243; column_shadow=\u00bbnone\u00bb column_border_radius=\u00bbnone\u00bb column_link_target=\u00bb_self\u00bb gradient_direction=\u00bbleft_to_right\u00bb overlay_strength=\u00bb0.3&#8243; width=\u00bb1\/1&#8243; tablet_width_inherit=\u00bbdefault\u00bb tablet_text_alignment=\u00bbdefault\u00bb phone_text_alignment=\u00bbdefault\u00bb bg_image_animation=\u00bbnone\u00bb border_type=\u00bbsimple\u00bb column_border_width=\u00bbnone\u00bb column_border_style=\u00bbsolid\u00bb][vc_column_text]\n<div class=\"vc_column-inner \">\n<p>Para dar cumplimiento a lo establecido en la Ley 34\/2002, de 11 de julio, de servicios de la sociedad de la informaci\u00f3n y de comercio electr\u00f3nico, a continuaci\u00f3n se indican los datos de informaci\u00f3n general de este sitio web:<\/p>\n<ul>\n<li><strong>Propietario: <\/strong><span class=\"textoazulsimple\">TOP SPANISH HUNTING, S.L.<\/span><\/li>\n<li><strong>Direcci\u00f3n: <\/strong>Jos\u00e9 B\u00e1rcena <span class=\"textoazulsimple\">,61 &#8211; 45660, Toledo <\/span> <\/li>\n<li><strong>Contacto:<\/strong> Telf: +34 690 773 600<\/li>\n<li><strong>Email:<\/strong> topspanishhunting@gmail.com<\/li>\n<li><strong>CIF:<\/strong> <span class=\"textoazulsimple\">B09776758<\/span><\/li>\n<\/ul>\n<p><strong>Legislaci\u00f3n<br \/>\n<\/strong>Con car\u00e1cter general, las relaciones entre TOP SPANISH HUNTING, S.L. con los Usuarios de sus servicios, presentes en esta web, se encuentran sometidas a la legislaci\u00f3n y jurisdicci\u00f3n espa\u00f1olas.<\/p>\n<p><strong>Uso y acceso de los Usuarios<br \/>\n<\/strong>El Usuario queda informado, y acepta, que el acceso a la presente web no supone, en modo alguno, el inicio de una relaci\u00f3n comercial con TOP SPANISH HUNTING, S.L. o cualquiera de sus delegaciones (en su caso).<\/p>\n<p><strong>Propiedad intelectual e industrial<br \/>\n<\/strong><span class=\"textoazulsimple\">Los derechos de propiedad intelectual del contenido de las p\u00e1ginas web, su dise\u00f1o gr\u00e1fico y c\u00f3digos y las fotograf\u00edas, son titularidad de TOP SPANISH HUNTING, S.L. y, por tanto, queda prohibida su reproducci\u00f3n, distribuci\u00f3n, comunicaci\u00f3n p\u00fablica, transformaci\u00f3n o cualquier otra actividad que se pueda realizar con los contenidos de sus p\u00e1ginas web ni aun citando las fuentes, salvo consentimiento por escrito de TOP SPANISH HUNTING, S.L.<\/span><\/p>\n<p><strong>Contenido de la web y enlaces<br \/>\n<\/strong>TOP SPANISH HUNTING, S.L. se reserva el derecho a actualizar, modificar o eliminar la informaci\u00f3n contenida en su web, pudiendo incluso limitar o no permitir el acceso a dicha informaci\u00f3n a ciertos usuarios.<\/p>\n<p>TOP SPANISH HUNTING, S.L. no asume responsabilidad alguna por la informaci\u00f3n contenida en p\u00e1ginas web de terceros a las que se pueda acceder por \u00ablinks\u00bb o enlaces desde cualquier p\u00e1gina web propiedad de TOP SPANISH HUNTING, S.L. La presencia de \u00ablinks\u00bb o enlaces en las p\u00e1ginas web de TOP SPANISH HUNTING, S.L. tiene finalidad meramente informativa y en ning\u00fan caso supone sugerencia, invitaci\u00f3n o recomendaci\u00f3n sobre los mismos. Por lo tanto, tanto este Aviso como la Pol\u00edtica de Privacidad s\u00f3lo son aplicables al sitio web de TOP SPANISH HUNTING, S.L. y no se garantiza en los accesos a trav\u00e9s de enlaces con este sitio, ni a los enlaces desde este sitio con otros sitios web.<\/p>\n<\/div>\n[\/vc_column_text][\/vc_column][\/vc_row]\n","protected":false},"excerpt":{"rendered":"<p>[vc_row type=\u00bbfull_width_background\u00bb full_screen_row_position=\u00bbmiddle\u00bb column_margin=\u00bbdefault\u00bb column_direction=\u00bbdefault\u00bb column_direction_tablet=\u00bbdefault\u00bb column_direction_phone=\u00bbdefault\u00bb scene_position=\u00bbcenter\u00bb top_padding=\u00bb60&#8243; bottom_padding=\u00bb60&#8243; text_color=\u00bbdark\u00bb text_align=\u00bbleft\u00bb row_border_radius=\u00bbnone\u00bb row_border_radius_applies=\u00bbbg\u00bb overlay_strength=\u00bb0.3&#8243; gradient_direction=\u00bbleft_to_right\u00bb shape_divider_position=\u00bbbottom\u00bb bg_image_animation=\u00bbnone\u00bb][vc_column column_padding=\u00bbno-extra-padding\u00bb column_padding_tablet=\u00bbinherit\u00bb column_padding_phone=\u00bbinherit\u00bb column_padding_position=\u00bball\u00bb column_element_spacing=\u00bbdefault\u00bb background_color_opacity=\u00bb1&#8243; background_hover_color_opacity=\u00bb1&#8243;&#8230;<\/p>\n","protected":false},"author":1,"featured_media":0,"parent":0,"menu_order":0,"comment_status":"closed","ping_status":"closed","template":"","meta":{"footnotes":""},"class_list":["post-8650","page","type-page","status-publish"],"yoast_head":"<!-- This site is optimized with the Yoast SEO plugin v27.3 - https:\/\/yoast.com\/product\/yoast-seo-wordpress\/ -->\n<title>Aviso legal - Hunting in Spain - Top Spanish Hunting<\/title>\n<meta name=\"description\" content=\"Informaci\u00f3n corporativa Subir Caza espa\u00f1ola. Aviso legal.\" \/>\n<meta name=\"robots\" content=\"noindex, nofollow\" \/>\n<meta property=\"og:locale\" content=\"es_ES\" \/>\n<meta property=\"og:type\" content=\"article\" \/>\n<meta property=\"og:title\" content=\"Aviso legal - Hunting in Spain - Top Spanish Hunting\" \/>\n<meta property=\"og:description\" content=\"Informaci\u00f3n corporativa Subir Caza espa\u00f1ola. Aviso legal.\" \/>\n<meta property=\"og:url\" content=\"https:\/\/topspanishhunting.com\/es\/aviso-legal\/\" \/>\n<meta property=\"og:site_name\" content=\"Hunting in Spain - Top Spanish Hunting\" \/>\n<meta property=\"article:modified_time\" content=\"2022-07-28T19:55:33+00:00\" \/>\n<meta name=\"twitter:card\" content=\"summary_large_image\" \/>\n<meta name=\"twitter:label1\" content=\"Tiempo de lectura\" \/>\n\t<meta name=\"twitter:data1\" content=\"3 minutos\" \/>\n<script type=\"application\/ld+json\" class=\"yoast-schema-graph\">{\"@context\":\"https:\\\/\\\/schema.org\",\"@graph\":[{\"@type\":\"WebPage\",\"@id\":\"https:\\\/\\\/topspanishhunting.com\\\/es\\\/aviso-legal\\\/\",\"url\":\"https:\\\/\\\/topspanishhunting.com\\\/es\\\/aviso-legal\\\/\",\"name\":\"Aviso legal - Hunting in Spain - Top Spanish Hunting\",\"isPartOf\":{\"@id\":\"https:\\\/\\\/topspanishhunting.com\\\/es\\\/#website\"},\"datePublished\":\"2021-12-29T15:49:00+00:00\",\"dateModified\":\"2022-07-28T19:55:33+00:00\",\"description\":\"Informaci\u00f3n corporativa Subir Caza espa\u00f1ola. Aviso legal.\",\"breadcrumb\":{\"@id\":\"https:\\\/\\\/topspanishhunting.com\\\/es\\\/aviso-legal\\\/#breadcrumb\"},\"inLanguage\":\"es\",\"potentialAction\":[{\"@type\":\"ReadAction\",\"target\":[\"https:\\\/\\\/topspanishhunting.com\\\/es\\\/aviso-legal\\\/\"]}]},{\"@type\":\"BreadcrumbList\",\"@id\":\"https:\\\/\\\/topspanishhunting.com\\\/es\\\/aviso-legal\\\/#breadcrumb\",\"itemListElement\":[{\"@type\":\"ListItem\",\"position\":1,\"name\":\"Portada\",\"item\":\"https:\\\/\\\/topspanishhunting.com\\\/es\\\/\"},{\"@type\":\"ListItem\",\"position\":2,\"name\":\"Aviso legal\"}]},{\"@type\":\"WebSite\",\"@id\":\"https:\\\/\\\/topspanishhunting.com\\\/es\\\/#website\",\"url\":\"https:\\\/\\\/topspanishhunting.com\\\/es\\\/\",\"name\":\"Hunting in Spain - Top Spanish Hunting\",\"description\":\"Hunting in Spain - Stalking in Spain - Spanish Hunting\",\"potentialAction\":[{\"@type\":\"SearchAction\",\"target\":{\"@type\":\"EntryPoint\",\"urlTemplate\":\"https:\\\/\\\/topspanishhunting.com\\\/es\\\/?s={search_term_string}\"},\"query-input\":{\"@type\":\"PropertyValueSpecification\",\"valueRequired\":true,\"valueName\":\"search_term_string\"}}],\"inLanguage\":\"es\"}]}<\/script>\n<!-- \/ Yoast SEO plugin. -->","yoast_head_json":{"title":"Aviso legal - Hunting in Spain - Top Spanish Hunting","description":"Informaci\u00f3n corporativa Subir Caza espa\u00f1ola. Aviso legal.","robots":{"index":"noindex","follow":"nofollow"},"og_locale":"es_ES","og_type":"article","og_title":"Aviso legal - Hunting in Spain - Top Spanish Hunting","og_description":"Informaci\u00f3n corporativa Subir Caza espa\u00f1ola. Aviso legal.","og_url":"https:\/\/topspanishhunting.com\/es\/aviso-legal\/","og_site_name":"Hunting in Spain - Top Spanish Hunting","article_modified_time":"2022-07-28T19:55:33+00:00","twitter_card":"summary_large_image","twitter_misc":{"Tiempo de lectura":"3 minutos"},"schema":{"@context":"https:\/\/schema.org","@graph":[{"@type":"WebPage","@id":"https:\/\/topspanishhunting.com\/es\/aviso-legal\/","url":"https:\/\/topspanishhunting.com\/es\/aviso-legal\/","name":"Aviso legal - Hunting in Spain - Top Spanish Hunting","isPartOf":{"@id":"https:\/\/topspanishhunting.com\/es\/#website"},"datePublished":"2021-12-29T15:49:00+00:00","dateModified":"2022-07-28T19:55:33+00:00","description":"Informaci\u00f3n corporativa Subir Caza espa\u00f1ola. Aviso legal.","breadcrumb":{"@id":"https:\/\/topspanishhunting.com\/es\/aviso-legal\/#breadcrumb"},"inLanguage":"es","potentialAction":[{"@type":"ReadAction","target":["https:\/\/topspanishhunting.com\/es\/aviso-legal\/"]}]},{"@type":"BreadcrumbList","@id":"https:\/\/topspanishhunting.com\/es\/aviso-legal\/#breadcrumb","itemListElement":[{"@type":"ListItem","position":1,"name":"Portada","item":"https:\/\/topspanishhunting.com\/es\/"},{"@type":"ListItem","position":2,"name":"Aviso legal"}]},{"@type":"WebSite","@id":"https:\/\/topspanishhunting.com\/es\/#website","url":"https:\/\/topspanishhunting.com\/es\/","name":"Hunting in Spain - Top Spanish Hunting","description":"Hunting in Spain - Stalking in Spain - Spanish Hunting","potentialAction":[{"@type":"SearchAction","target":{"@type":"EntryPoint","urlTemplate":"https:\/\/topspanishhunting.com\/es\/?s={search_term_string}"},"query-input":{"@type":"PropertyValueSpecification","valueRequired":true,"valueName":"search_term_string"}}],"inLanguage":"es"}]}},"_links":{"self":[{"href":"https:\/\/topspanishhunting.com\/es\/wp-json\/wp\/v2\/pages\/8650","targetHints":{"allow":["GET"]}}],"collection":[{"href":"https:\/\/topspanishhunting.com\/es\/wp-json\/wp\/v2\/pages"}],"about":[{"href":"https:\/\/topspanishhunting.com\/es\/wp-json\/wp\/v2\/types\/page"}],"author":[{"embeddable":true,"href":"https:\/\/topspanishhunting.com\/es\/wp-json\/wp\/v2\/users\/1"}],"replies":[{"embeddable":true,"href":"https:\/\/topspanishhunting.com\/es\/wp-json\/wp\/v2\/comments?post=8650"}],"version-history":[{"count":13,"href":"https:\/\/topspanishhunting.com\/es\/wp-json\/wp\/v2\/pages\/8650\/revisions"}],"predecessor-version":[{"id":9538,"href":"https:\/\/topspanishhunting.com\/es\/wp-json\/wp\/v2\/pages\/8650\/revisions\/9538"}],"wp:attachment":[{"href":"https:\/\/topspanishhunting.com\/es\/wp-json\/wp\/v2\/media?parent=8650"}],"curies":[{"name":"wp","href":"https:\/\/api.w.org\/{rel}","templated":true}]}}